{"id":140,"date":"2023-05-14T16:57:27","date_gmt":"2023-05-14T16:57:27","guid":{"rendered":"http:\/\/redsist.ehc-wp.uoclabs.uoc.es\/?page_id=140"},"modified":"2023-11-07T07:34:17","modified_gmt":"2023-11-07T07:34:17","slug":"espacios-de-resistencia-y-estrategias-de-supervivencia-en-los-margenes-urbanos","status":"publish","type":"page","link":"https:\/\/redsist.org\/","title":{"rendered":"Un proyecto de investigaci\u00f3n interdisciplinar"},"content":{"rendered":"\n<div class=\"wp-block-media-text alignwide is-stacked-on-mobile\" style=\"grid-template-columns:26% auto\"><figure class=\"wp-block-media-text__media\"><img loading=\"lazy\" decoding=\"async\" width=\"806\" height=\"1024\" src=\"http:\/\/redsist.ehc-wp.uoclabs.uoc.es\/wp-content\/uploads\/sites\/22\/2023\/05\/cropped-logo-redsist-1-806x1024.png\" alt=\"logo\" class=\"wp-image-152 size-full\"\/><\/figure><div class=\"wp-block-media-text__content\">\n<p>Los m\u00e1rgenes urbanos son espacios de alta complejidad que frecuentemente se tratan solo como la otra cara de la centralidad, como espacios anormales cuyas caracter\u00edsticas deben ser corregidas, como generadores de problemas que deben ser solucionados. Pero precisamente porque se sit\u00faan en un espacio de margen respecto de las l\u00f3gicas urbanas dominantes, sus residentes desarrollan sus propios c\u00f3digos y modos de vida, sus estrategias de supervivencia y son, en muchos sentidos, espacios de resistencia a esas l\u00f3gicas.<\/p>\n<\/div><\/div>\n\n\n\n<p><\/p>\n","protected":false},"excerpt":{"rendered":"<p>Los m\u00e1rgenes urbanos son espacios de alta complejidad que frecuentemente se tratan solo como la otra cara de la centralidad,<\/p>\n","protected":false},"author":1,"featured_media":0,"parent":0,"menu_order":0,"comment_status":"closed","ping_status":"closed","template":"","meta":{"_eb_attr":"","ngg_post_thumbnail":0,"footnotes":""},"class_list":["post-140","page","type-page","status-publish","hentry"],"_links":{"self":[{"href":"https:\/\/redsist.org\/index.php?rest_route=\/wp\/v2\/pages\/140","targetHints":{"allow":["GET"]}}],"collection":[{"href":"https:\/\/redsist.org\/index.php?rest_route=\/wp\/v2\/pages"}],"about":[{"href":"https:\/\/redsist.org\/index.php?rest_route=\/wp\/v2\/types\/page"}],"author":[{"embeddable":true,"href":"https:\/\/redsist.org\/index.php?rest_route=\/wp\/v2\/users\/1"}],"replies":[{"embeddable":true,"href":"https:\/\/redsist.org\/index.php?rest_route=%2Fwp%2Fv2%2Fcomments&post=140"}],"version-history":[{"count":10,"href":"https:\/\/redsist.org\/index.php?rest_route=\/wp\/v2\/pages\/140\/revisions"}],"predecessor-version":[{"id":296,"href":"https:\/\/redsist.org\/index.php?rest_route=\/wp\/v2\/pages\/140\/revisions\/296"}],"wp:attachment":[{"href":"https:\/\/redsist.org\/index.php?rest_route=%2Fwp%2Fv2%2Fmedia&parent=140"}],"curies":[{"name":"wp","href":"https:\/\/api.w.org\/{rel}","templated":true}]}}