{"id":162,"date":"2023-05-18T06:38:50","date_gmt":"2023-05-18T06:38:50","guid":{"rendered":"http:\/\/redsist.ehc-wp.uoclabs.uoc.es\/?page_id=162"},"modified":"2023-05-18T06:38:50","modified_gmt":"2023-05-18T06:38:50","slug":"huertas-mirabal-montcada-i-reixac","status":"publish","type":"page","link":"https:\/\/redsist.org\/?page_id=162","title":{"rendered":"Huertas Mirabal &#8211; Montcada i Reixac"},"content":{"rendered":"\n<p>1. &nbsp; &nbsp; Descripci\u00f3n general<\/p>\n\n\n\n<p>Asentamiento autoconstruido emplazado en los m\u00e1rgenes del r\u00edo Bes\u00f2s en el municipio de Montcada i Reixac, entre la autopista C-33 y las v\u00edas de tren de alta velocidad (AVE). A nivel metropolitano est\u00e1 ubicado en la interfaz urbano rural del \u00c1rea metropolitana de Barcelona en terrenos que est\u00e1n catalogados actualmente como Suelo Urbano no Delimitado (S.U.N.D) los cuales se encuentran a la espera del desarrollo de infraestructuras viales que ir\u00e1n a ser necesarias en un futuro para el mejoramiento de la conectividad con el centro urbano, dejando en evidencia la baja comprensi\u00f3n, invisibilizaci\u00f3n y marginalizaci\u00f3n de las din\u00e1micas urbanas y sociales que actualmente ocurren en estos territorios. Este asentamiento esta conformado por varios tipos de viviendas, barracas y huertas que han sido autoconstruidas por sus habitantes los que utilizan estos espacios como vivienda permanente, espacios de ocio y\/o cultivo. Este asentamiento refleja la regulaci\u00f3n y producci\u00f3n del espacio auto planificado el cual responde a las carencias que se encuentran en la ciudad formal, gran parte de los pobladores que conforman el asentamiento provienen de barrios con altos \u00edndices de vulnerabilidad urbana (IERMB, 2021).<\/p>\n\n\n\n<p>2. &nbsp; &nbsp; Origen<\/p>\n\n\n\n<p>Esta zona tiene un uso hist\u00f3rico de cultivos y huertas hasta la llegada de infraestructuras viales como la autopista C-33 (1969) y las v\u00edas del tren de alta velocidad (2009). La primera ubicaci\u00f3n del asentamiento en los l\u00edmites sur del actual enclave, estaba principalmente compuesto&nbsp; por huertas y construcciones asociadas a esta actividad; el asentamiento fue erradicado en 2009 con motivo de lugar de acopio y operaci\u00f3n de materiales para la construcci\u00f3n de la l\u00ednea del AVE. Esto gener\u00f3 que las intervenciones en el territorio provocadas por la construcci\u00f3n de infraestructuras de conectividad m\u00e1s eficaces con la ciudad de Barcelona hayan producido la erradicaci\u00f3n y posterior reubicaci\u00f3n informal por parte de los mismos afectados en los suelos en los que actualmente se encuentra el asentamiento. Desde el a\u00f1o 2014 el enclave, en su nueva ubicaci\u00f3n, ha ido ganando terreno y espacio, contando hoy en d\u00eda con un aproximado de 100 construcciones.<\/p>\n\n\n\n<p>3. &nbsp; &nbsp; Poblaci\u00f3n&nbsp;<\/p>\n\n\n\n<p>Aun no se sabe el n\u00famero total de personas que conforman el asentamiento, esto producto a que en el trabajo de campo que se ha realizado a\u00fan no se ha podido generar la confianza y la instancia para obtener el n\u00famero de personas que habitan regularmente en el asentamiento, que utilizan el espacio como huerta y quienes lo utilizan como segunda vivienda que son las modalidades de ocupaci\u00f3n que se han observado en el asentamiento<\/p>\n\n\n\n<p>4. &nbsp; &nbsp; Problem\u00e1ticas<\/p>\n\n\n\n<p>&#8211; &nbsp; &nbsp; &nbsp; Estigmatizaci\u00f3n social y territorial<\/p>\n\n\n\n<p>&#8211; &nbsp; &nbsp; &nbsp; Tenencia y regulaci\u00f3n del suelo<\/p>\n\n\n\n<p>&#8211; &nbsp; &nbsp; &nbsp; Posible expulsi\u00f3n del territorio<\/p>\n\n\n\n<p>&#8211; &nbsp; &nbsp; &nbsp; Vulnerabilidad urbana<\/p>\n\n\n\n<p>&#8211; &nbsp; &nbsp; &nbsp; Marginalizaci\u00f3n socio espacial<\/p>\n\n\n\n<p>5. &nbsp; &nbsp; Intervenciones administraci\u00f3n<\/p>\n\n\n\n<p>&#8211; &nbsp; &nbsp; &nbsp; Generalitat impulsa un diagn\u00f3stico para abordar la problem\u00e1tica del chabolismo en los cauces del r\u00edo Bes\u00f2s. 2022-2023.<\/p>\n\n\n\n<p>En espera de los resultados del CENSO realizado a fines del 2022.<\/p>\n\n\n\n<p>6. &nbsp; &nbsp; Acciones, campa\u00f1as&nbsp;<\/p>\n\n\n\n<p>&#8211; &nbsp; &nbsp; &nbsp; Proceso de conformaci\u00f3n legal de la asociaci\u00f3n de vecinos Huertas Mirabal<\/p>\n\n\n\n<p>7. &nbsp; &nbsp; Agentes implicados<\/p>\n\n\n\n<p>&#8211; &nbsp; &nbsp; &nbsp; Departamento de derechos sociales<\/p>\n","protected":false},"excerpt":{"rendered":"<p>1. &nbsp; &nbsp; Descripci\u00f3n general Asentamiento autoconstruido emplazado en los m\u00e1rgenes del r\u00edo Bes\u00f2s en el municipio de Montcada i<\/p>\n","protected":false},"author":1,"featured_media":0,"parent":0,"menu_order":0,"comment_status":"closed","ping_status":"closed","template":"","meta":{"_eb_attr":"","ngg_post_thumbnail":0,"footnotes":""},"class_list":["post-162","page","type-page","status-publish","hentry"],"_links":{"self":[{"href":"https:\/\/redsist.org\/index.php?rest_route=\/wp\/v2\/pages\/162","targetHints":{"allow":["GET"]}}],"collection":[{"href":"https:\/\/redsist.org\/index.php?rest_route=\/wp\/v2\/pages"}],"about":[{"href":"https:\/\/redsist.org\/index.php?rest_route=\/wp\/v2\/types\/page"}],"author":[{"embeddable":true,"href":"https:\/\/redsist.org\/index.php?rest_route=\/wp\/v2\/users\/1"}],"replies":[{"embeddable":true,"href":"https:\/\/redsist.org\/index.php?rest_route=%2Fwp%2Fv2%2Fcomments&post=162"}],"version-history":[{"count":1,"href":"https:\/\/redsist.org\/index.php?rest_route=\/wp\/v2\/pages\/162\/revisions"}],"predecessor-version":[{"id":163,"href":"https:\/\/redsist.org\/index.php?rest_route=\/wp\/v2\/pages\/162\/revisions\/163"}],"wp:attachment":[{"href":"https:\/\/redsist.org\/index.php?rest_route=%2Fwp%2Fv2%2Fmedia&parent=162"}],"curies":[{"name":"wp","href":"https:\/\/api.w.org\/{rel}","templated":true}]}}