{"id":332,"date":"2023-11-21T12:36:34","date_gmt":"2023-11-21T12:36:34","guid":{"rendered":"http:\/\/redsist.ehc-wp.uoclabs.uoc.es\/?page_id=332"},"modified":"2023-11-21T12:36:34","modified_gmt":"2023-11-21T12:36:34","slug":"documentos-la-canada","status":"publish","type":"page","link":"https:\/\/redsist.org\/?page_id=332","title":{"rendered":"DOCUMENTOS (La Ca\u00f1ada)"},"content":{"rendered":"\n<p><a href=\"http:\/\/redsist.ehc-wp.uoclabs.uoc.es\/wp-content\/uploads\/sites\/22\/2023\/11\/informe-proyecto-canada-real-galiana_2023.pdf\">INFORME FINAL DEL PROYECTO \u201cDIAGN\u00d3STICO DE LOS USOS Y NECESIDADES ENERG\u00c9TICAS DE LA POBLACI\u00d3N DE LA CA\u00d1ADA REAL GALIANA\u201d<\/a><\/p>\n","protected":false},"excerpt":{"rendered":"<p>INFORME FINAL DEL PROYECTO \u201cDIAGN\u00d3STICO DE LOS USOS Y NECESIDADES ENERG\u00c9TICAS DE LA POBLACI\u00d3N DE LA CA\u00d1ADA REAL GALIANA\u201d<\/p>\n","protected":false},"author":1,"featured_media":0,"parent":0,"menu_order":0,"comment_status":"closed","ping_status":"closed","template":"","meta":{"_eb_attr":"","ngg_post_thumbnail":0,"footnotes":""},"class_list":["post-332","page","type-page","status-publish","hentry"],"_links":{"self":[{"href":"https:\/\/redsist.org\/index.php?rest_route=\/wp\/v2\/pages\/332","targetHints":{"allow":["GET"]}}],"collection":[{"href":"https:\/\/redsist.org\/index.php?rest_route=\/wp\/v2\/pages"}],"about":[{"href":"https:\/\/redsist.org\/index.php?rest_route=\/wp\/v2\/types\/page"}],"author":[{"embeddable":true,"href":"https:\/\/redsist.org\/index.php?rest_route=\/wp\/v2\/users\/1"}],"replies":[{"embeddable":true,"href":"https:\/\/redsist.org\/index.php?rest_route=%2Fwp%2Fv2%2Fcomments&post=332"}],"version-history":[{"count":1,"href":"https:\/\/redsist.org\/index.php?rest_route=\/wp\/v2\/pages\/332\/revisions"}],"predecessor-version":[{"id":333,"href":"https:\/\/redsist.org\/index.php?rest_route=\/wp\/v2\/pages\/332\/revisions\/333"}],"wp:attachment":[{"href":"https:\/\/redsist.org\/index.php?rest_route=%2Fwp%2Fv2%2Fmedia&parent=332"}],"curies":[{"name":"wp","href":"https:\/\/api.w.org\/{rel}","templated":true}]}}