{"id":38,"date":"2023-05-14T14:51:24","date_gmt":"2023-05-14T14:51:24","guid":{"rendered":"http:\/\/redsist.ehc-wp.uoclabs.uoc.es\/?page_id=38"},"modified":"2023-05-14T15:13:03","modified_gmt":"2023-05-14T15:13:03","slug":"resumen","status":"publish","type":"page","link":"https:\/\/redsist.org\/?page_id=38","title":{"rendered":"Resumen"},"content":{"rendered":"\n<p>Los m\u00e1rgenes urbanos, definidos como esas \u00e1reas que aparentemente quedan fuera del funcionamiento habitual de la ciudad, son espacios de alta complejidad que frecuentemente se tratan de un modo reduccionista: como la otra cara de la centralidad, como espacios anormales cuyas caracter\u00edsticas deben ser corregidas, como generadores de problemas que deben ser solucionados. En este proyecto, por contra, partimos del planteamiento de que, precisamente porque se sit\u00faan en un espacio de margen respecto de las l\u00f3gicas urbanas dominantes, sus residentes desarrollan sus propios c\u00f3digos y modos de vida, sus estrategias de supervivencia y son, en muchos sentidos, espacios de resistencia a esas l\u00f3gica. Estos espacios albergan, de este modo, pr\u00e1cticas sociales que ponen en evidencia las carencias, limitaciones e incluso el veto en relaci\u00f3n al ejercicio de derechos fundamentales. Siguiendo la idea de te\u00f3ricos urbanos del Sur Global que han mostrado la imposibilidad de comprender esos espacios de margen a la luz de los estudios urbanos al uso (Roy 2014), en este proyecto pretendemos precisamente alejarnos de la mirada habitual para aportar nuevas claves que contribuyan a su descifrabilidad (Yiftachel 2009).<\/p>\n\n\n\n<p>En nuestro anterior proyecto \u201cEn las fronteras de la renovaci\u00f3n urbana: desposesi\u00f3n, resiliencia y resistencia en espacios urbanos extremos\u201d (CSO2015-65066-R), nos propusimos comprender la situaci\u00f3n, el funcionamiento y la problem\u00e1tica de los espacios que se hallan en los m\u00e1rgenes de las transformaciones urbanas y que entonces denominamos \u201cespacios extremos\u201d por estar <em>en el<\/em> margen y <em>al<\/em> margen de dichas transformaciones. En aquel trabajo sostuvimos que los m\u00e1rgenes urbanos quedaban definidos por su relaci\u00f3n con el centro y propusimos un an\u00e1lisis de aquellos en t\u00e9rminos de dependencia, se\u00f1alando la gran presi\u00f3n que recib\u00edan y en los que necesariamente deb\u00edan desarrollarse estrategias de supervivencia y, eventualmente, de resistencia (Benach 2021). En aquel proyecto, adem\u00e1s, empezamos a estudiar dichas estrategias en dos casos del centro y la periferia de Barcelona pero a la vista de los casos que se presentaron en las jornadas finales del proyecto (ver<a href=\"https:\/\/revistes.ub.edu\/index.php\/ScriptaNova\/issue\/view\/2525\"> <\/a><a href=\"https:\/\/revistes.ub.edu\/index.php\/ScriptaNova\/issue\/view\/2525\">n\u00famero monogr\u00e1fico de Scripta Nova 25-2<\/a>), se visibiliz\u00f3 la necesidad de ampliar los casos emp\u00edricos analizados as\u00ed como la de aplicar metodolog\u00edas de investigaci\u00f3n multidisciplinares para alcanzar explicaciones m\u00e1s s\u00f3lidas a prop\u00f3sito de las formas de resistencia y supervivencia en los m\u00e1rgenes urbanos.<\/p>\n","protected":false},"excerpt":{"rendered":"<p>Los m\u00e1rgenes urbanos, definidos como esas \u00e1reas que aparentemente quedan fuera del funcionamiento habitual de la ciudad, son espacios de<\/p>\n","protected":false},"author":1,"featured_media":0,"parent":0,"menu_order":0,"comment_status":"closed","ping_status":"closed","template":"","meta":{"_eb_attr":"","ngg_post_thumbnail":0,"footnotes":""},"class_list":["post-38","page","type-page","status-publish","hentry"],"_links":{"self":[{"href":"https:\/\/redsist.org\/index.php?rest_route=\/wp\/v2\/pages\/38","targetHints":{"allow":["GET"]}}],"collection":[{"href":"https:\/\/redsist.org\/index.php?rest_route=\/wp\/v2\/pages"}],"about":[{"href":"https:\/\/redsist.org\/index.php?rest_route=\/wp\/v2\/types\/page"}],"author":[{"embeddable":true,"href":"https:\/\/redsist.org\/index.php?rest_route=\/wp\/v2\/users\/1"}],"replies":[{"embeddable":true,"href":"https:\/\/redsist.org\/index.php?rest_route=%2Fwp%2Fv2%2Fcomments&post=38"}],"version-history":[{"count":2,"href":"https:\/\/redsist.org\/index.php?rest_route=\/wp\/v2\/pages\/38\/revisions"}],"predecessor-version":[{"id":90,"href":"https:\/\/redsist.org\/index.php?rest_route=\/wp\/v2\/pages\/38\/revisions\/90"}],"wp:attachment":[{"href":"https:\/\/redsist.org\/index.php?rest_route=%2Fwp%2Fv2%2Fmedia&parent=38"}],"curies":[{"name":"wp","href":"https:\/\/api.w.org\/{rel}","templated":true}]}}