{"id":66,"date":"2023-05-14T15:07:38","date_gmt":"2023-05-14T15:07:38","guid":{"rendered":"http:\/\/redsist.ehc-wp.uoclabs.uoc.es\/?page_id=66"},"modified":"2023-05-14T15:28:41","modified_gmt":"2023-05-14T15:28:41","slug":"la-mina","status":"publish","type":"page","link":"https:\/\/redsist.org\/?page_id=66","title":{"rendered":"La Mina"},"content":{"rendered":"\n<p>El barrio de La Mina(Benach 2021),en el municipio de Sant Adri\u00e0 de Bes\u00f2s, pasado el l\u00edmite municipal oriental de la ciudad de Barcelona, ha quedado confinado entre\u00a0 infraestructuras metropolitanas pesadas (central t\u00e9rmica, incineradora, depuradora) y los nuevos espacios construidos en relaci\u00f3n a la renovaci\u00f3n del sector nororiental del frente litoral (espacios del F\u00f2rum, Campus Universitario Diagonal-Bes\u00f2s, nuevas viviendas frente al mar, etc.). Actualmente, es un espacio estigmatizado en el que sus residentes (con una de las comunidades gitanas m\u00e1s importantes del \u00e1rea metropolitana) afrontan su vida en un entorno crecientemente hostil y sin calidad ambiental, y que ser\u00e1 examinado como un caso paradigm\u00e1tico de \u201czona de sacrificio\u201d (Lopes de Souza 2020).<\/p>\n","protected":false},"excerpt":{"rendered":"<p>El barrio de La Mina(Benach 2021),en el municipio de Sant Adri\u00e0 de Bes\u00f2s, pasado el l\u00edmite municipal oriental de la<\/p>\n","protected":false},"author":1,"featured_media":0,"parent":0,"menu_order":0,"comment_status":"closed","ping_status":"closed","template":"","meta":{"_eb_attr":"","ngg_post_thumbnail":0,"footnotes":""},"class_list":["post-66","page","type-page","status-publish","hentry"],"_links":{"self":[{"href":"https:\/\/redsist.org\/index.php?rest_route=\/wp\/v2\/pages\/66","targetHints":{"allow":["GET"]}}],"collection":[{"href":"https:\/\/redsist.org\/index.php?rest_route=\/wp\/v2\/pages"}],"about":[{"href":"https:\/\/redsist.org\/index.php?rest_route=\/wp\/v2\/types\/page"}],"author":[{"embeddable":true,"href":"https:\/\/redsist.org\/index.php?rest_route=\/wp\/v2\/users\/1"}],"replies":[{"embeddable":true,"href":"https:\/\/redsist.org\/index.php?rest_route=%2Fwp%2Fv2%2Fcomments&post=66"}],"version-history":[{"count":3,"href":"https:\/\/redsist.org\/index.php?rest_route=\/wp\/v2\/pages\/66\/revisions"}],"predecessor-version":[{"id":171,"href":"https:\/\/redsist.org\/index.php?rest_route=\/wp\/v2\/pages\/66\/revisions\/171"}],"wp:attachment":[{"href":"https:\/\/redsist.org\/index.php?rest_route=%2Fwp%2Fv2%2Fmedia&parent=66"}],"curies":[{"name":"wp","href":"https:\/\/api.w.org\/{rel}","templated":true}]}}