{"id":68,"date":"2023-05-14T15:07:54","date_gmt":"2023-05-14T15:07:54","guid":{"rendered":"http:\/\/redsist.ehc-wp.uoclabs.uoc.es\/?page_id=68"},"modified":"2023-05-14T15:29:09","modified_gmt":"2023-05-14T15:29:09","slug":"roquetes","status":"publish","type":"page","link":"https:\/\/redsist.org\/?page_id=68","title":{"rendered":"Roquetes"},"content":{"rendered":"\n<p>Roquetes plantea el caso de un distrito obrero de Nou Barris. El distrito est\u00e1 situado en el\u00a0 extremo nordeste de la ciudad. Es un barrio relativamente nuevo que comenz\u00f3 a sufrir una importante transformaci\u00f3n urban\u00edstica y demogr\u00e1fica a partir de los a\u00f1os 1950 con la llegada de una gran ola de inmigraci\u00f3n procedente de toda Espa\u00f1a y especialmente de Andaluc\u00eda. Ante la dificultad de acceder a un vivienda asequible, a pesar de la construcci\u00f3n de un pol\u00edgono de viviendas promovido por la Obra Sindical del Hogar en 1954, muchas familias optaron por construir sus propias casas en terrenos sin urbanizar, sin ning\u00fan tipo de servicio b\u00e1sico y cerca de las f\u00e1bricas donde trabajaban. Esta mezcla de autoconstrucciones y casas bajas dispuestas en una complicada orograf\u00eda todav\u00eda perdura hoy en d\u00eda. Roquetes posee una larga historia de luchas comunitarias para exigir precisamente mejoras en la infraestructura y los servicios b\u00e1sicos que siguen presentes no obstante se hayan realizado algunas mejoras significativas en las \u00faltimas d\u00e9cadas. En la actualidad, el barrio posee uno de los \u00edndices m\u00e1s elevados de desocupaci\u00f3n de toda la ciudad, una alta tasa de inmigraci\u00f3n y tambi\u00e9n de problemas de acceso a la vivienda. A causa de las dificultades socio-econ\u00f3micas que padecieron y padecen sus habitantes desde los inicios del barrio, las luchas vecinales y los movimientos sociales est\u00e1n muy arraigados en la zona.<\/p>\n","protected":false},"excerpt":{"rendered":"<p>Roquetes plantea el caso de un distrito obrero de Nou Barris. El distrito est\u00e1 situado en el\u00a0 extremo nordeste de<\/p>\n","protected":false},"author":1,"featured_media":0,"parent":0,"menu_order":0,"comment_status":"closed","ping_status":"closed","template":"","meta":{"_eb_attr":"","ngg_post_thumbnail":0,"footnotes":""},"class_list":["post-68","page","type-page","status-publish","hentry"],"_links":{"self":[{"href":"https:\/\/redsist.org\/index.php?rest_route=\/wp\/v2\/pages\/68","targetHints":{"allow":["GET"]}}],"collection":[{"href":"https:\/\/redsist.org\/index.php?rest_route=\/wp\/v2\/pages"}],"about":[{"href":"https:\/\/redsist.org\/index.php?rest_route=\/wp\/v2\/types\/page"}],"author":[{"embeddable":true,"href":"https:\/\/redsist.org\/index.php?rest_route=\/wp\/v2\/users\/1"}],"replies":[{"embeddable":true,"href":"https:\/\/redsist.org\/index.php?rest_route=%2Fwp%2Fv2%2Fcomments&post=68"}],"version-history":[{"count":2,"href":"https:\/\/redsist.org\/index.php?rest_route=\/wp\/v2\/pages\/68\/revisions"}],"predecessor-version":[{"id":96,"href":"https:\/\/redsist.org\/index.php?rest_route=\/wp\/v2\/pages\/68\/revisions\/96"}],"wp:attachment":[{"href":"https:\/\/redsist.org\/index.php?rest_route=%2Fwp%2Fv2%2Fmedia&parent=68"}],"curies":[{"name":"wp","href":"https:\/\/api.w.org\/{rel}","templated":true}]}}