{"id":91,"date":"2023-05-14T15:15:06","date_gmt":"2023-05-14T15:15:06","guid":{"rendered":"http:\/\/redsist.ehc-wp.uoclabs.uoc.es\/?page_id=91"},"modified":"2023-05-14T15:15:06","modified_gmt":"2023-05-14T15:15:06","slug":"objetivos","status":"publish","type":"page","link":"https:\/\/redsist.org\/?page_id=91","title":{"rendered":"Objetivos"},"content":{"rendered":"\n<p>El objetivo general del proyecto REDSIST es analizar las formas de violencia sist\u00e9mica en los espacios de reproducci\u00f3n de los m\u00e1rgenes urbanos, se\u00f1alando los impactos sociales, ambientales, simb\u00f3licos y emocionales en las vidas de sus residentes, y detectando elementos comunes en el despliegue de redes de apoyo m\u00fatuo en los espacios de resistencia y supervivencia.<\/p>\n\n\n\n<p>Los objetivos espec\u00edficos del priyecto son:<\/p>\n\n\n\n<ol class=\"wp-block-list\" type=\"1\" start=\"1\">\n<li>Identificar las formas de violencia sist\u00e9mica y de vulneraci\u00f3n de derechos sociales y fundamentales en las ciudades que configuran los casos a estudiar.<\/li>\n\n\n\n<li>Analizar las caracter\u00edsticas socio-espaciales, incluyendo aspectos econ\u00f3micos, jur\u00eddico-normativos y comunicativos, de los espacios de margen seleccionados en Barcelona, Madrid, Sevilla y Valencia<\/li>\n\n\n\n<li>Identificar y analizar redes (online y offline) de resistencia y supervivencia en las ciudades que configuran los casos a estudiar. Detectar elementos comunes en el despliegue de esas redes. Analizar las redes atendiendo al papel que las mujeres juegan en ellas<\/li>\n\n\n\n<li>Establecer una tipolog\u00eda de situaciones de espacios en relaci\u00f3n a los contextos metropolitanos (por ejemplo, espacios de reserva, espacios de sacrificio, espacios extremos de los procesos de renovaci\u00f3n urbana, etc\u2026)<\/li>\n\n\n\n<li>Generar conocimiento a partir de m\u00e9todos colaborativos y participativos: contra-cartograf\u00edas y documental social participativo<\/li>\n\n\n\n<li>Orientar ese conocimiento a la implementaci\u00f3n de pol\u00edticas espec\u00edficas. Elaborar una propuesta de pol\u00edticas reparatorias hacia esos espacios y hacia esos colectivos afectados a partir de los resultados de la investigaci\u00f3n<\/li>\n\n\n\n<li>Producir outputs de alto impacto en el \u00e1mbito acad\u00e9mico y en la esfera p\u00fablica<\/li>\n<\/ol>\n","protected":false},"excerpt":{"rendered":"<p>El objetivo general del proyecto REDSIST es analizar las formas de violencia sist\u00e9mica en los espacios de reproducci\u00f3n de los<\/p>\n","protected":false},"author":1,"featured_media":0,"parent":0,"menu_order":0,"comment_status":"closed","ping_status":"closed","template":"","meta":{"_eb_attr":"","ngg_post_thumbnail":0,"footnotes":""},"class_list":["post-91","page","type-page","status-publish","hentry"],"_links":{"self":[{"href":"https:\/\/redsist.org\/index.php?rest_route=\/wp\/v2\/pages\/91","targetHints":{"allow":["GET"]}}],"collection":[{"href":"https:\/\/redsist.org\/index.php?rest_route=\/wp\/v2\/pages"}],"about":[{"href":"https:\/\/redsist.org\/index.php?rest_route=\/wp\/v2\/types\/page"}],"author":[{"embeddable":true,"href":"https:\/\/redsist.org\/index.php?rest_route=\/wp\/v2\/users\/1"}],"replies":[{"embeddable":true,"href":"https:\/\/redsist.org\/index.php?rest_route=%2Fwp%2Fv2%2Fcomments&post=91"}],"version-history":[{"count":1,"href":"https:\/\/redsist.org\/index.php?rest_route=\/wp\/v2\/pages\/91\/revisions"}],"predecessor-version":[{"id":92,"href":"https:\/\/redsist.org\/index.php?rest_route=\/wp\/v2\/pages\/91\/revisions\/92"}],"wp:attachment":[{"href":"https:\/\/redsist.org\/index.php?rest_route=%2Fwp%2Fv2%2Fmedia&parent=91"}],"curies":[{"name":"wp","href":"https:\/\/api.w.org\/{rel}","templated":true}]}}